{"id":262,"date":"2026-02-22T01:33:27","date_gmt":"2026-02-22T01:33:27","guid":{"rendered":"https:\/\/pcclinik.cl\/?post_type=product&#038;p=262"},"modified":"2026-02-22T19:22:21","modified_gmt":"2026-02-22T19:22:21","slug":"bisel-marco-de-pantalla-dell-latitude-e7240","status":"publish","type":"product","link":"https:\/\/pcclinik.cl\/?product=bisel-marco-de-pantalla-dell-latitude-e7240","title":{"rendered":"Bisel Marco de Pantalla Dell Latitude E7240 Color Negro"},"content":{"rendered":"<p>Bisel Marco de Pantalla Dell Latitude E7240<\/p>\n<p>El bisel LCD (marco frontal) para la\u00a0<span data-processed=\"true\"><a class=\"H23r4e\" href=\"https:\/\/www.amazon.com\/-\/es\/Cubierta-ajuste-frontal-Latitude-04VCNC\/dp\/B07KTY3T22\" target=\"_blank\" rel=\"noopener\" data-processed=\"true\">Dell Latitude E7240<\/a><\/span>\u00a0<mark class=\"HxTRcb\" data-processed=\"true\">es una pieza de pl\u00e1stico negro de 12.5 pulgadas, dise\u00f1ada espec\u00edficamente para pantallas no t\u00e1ctiles<\/mark>. Incluye el orificio para la webcam superior y se fija a presi\u00f3n o con tornillos ocultos bajo cubiertas de goma, identific\u00e1ndose com\u00fanmente con el n\u00famero de parte PN: 04VCNC<\/p>\n","protected":false},"excerpt":{"rendered":"<p>Producto Totalmente Nuevo.<\/p>\n","protected":false},"featured_media":283,"comment_status":"open","ping_status":"closed","template":"","meta":[],"product_brand":[],"product_cat":[29,28],"product_tag":[],"class_list":{"0":"post-262","1":"product","2":"type-product","3":"status-publish","4":"has-post-thumbnail","6":"product_cat-bisel-de-pantalla","7":"product_cat-dell","9":"first","10":"instock","11":"sold-individually","12":"shipping-taxable","13":"purchasable","14":"product-type-simple"},"_links":{"self":[{"href":"https:\/\/pcclinik.cl\/index.php?rest_route=\/wp\/v2\/product\/262","targetHints":{"allow":["GET"]}}],"collection":[{"href":"https:\/\/pcclinik.cl\/index.php?rest_route=\/wp\/v2\/product"}],"about":[{"href":"https:\/\/pcclinik.cl\/index.php?rest_route=\/wp\/v2\/types\/product"}],"replies":[{"embeddable":true,"href":"https:\/\/pcclinik.cl\/index.php?rest_route=%2Fwp%2Fv2%2Fcomments&post=262"}],"wp:featuredmedia":[{"embeddable":true,"href":"https:\/\/pcclinik.cl\/index.php?rest_route=\/wp\/v2\/media\/283"}],"wp:attachment":[{"href":"https:\/\/pcclinik.cl\/index.php?rest_route=%2Fwp%2Fv2%2Fmedia&parent=262"}],"wp:term":[{"taxonomy":"product_brand","embeddable":true,"href":"https:\/\/pcclinik.cl\/index.php?rest_route=%2Fwp%2Fv2%2Fproduct_brand&post=262"},{"taxonomy":"product_cat","embeddable":true,"href":"https:\/\/pcclinik.cl\/index.php?rest_route=%2Fwp%2Fv2%2Fproduct_cat&post=262"},{"taxonomy":"product_tag","embeddable":true,"href":"https:\/\/pcclinik.cl\/index.php?rest_route=%2Fwp%2Fv2%2Fproduct_tag&post=262"}],"curies":[{"name":"wp","href":"https:\/\/api.w.org\/{rel}","templated":true}]}}